{"id":17994,"date":"2023-10-03T10:06:24","date_gmt":"2023-10-03T10:06:24","guid":{"rendered":"https:\/\/markrobotic.com\/iml-robot\/side-entry-iml\/"},"modified":"2025-06-27T14:47:16","modified_gmt":"2025-06-27T14:47:16","slug":"side-entry-iml","status":"publish","type":"page","link":"https:\/\/markrobotic.com\/tr\/iml-robot\/side-entry-iml\/","title":{"rendered":"Side Entry IML"},"content":{"rendered":"\t\t<div data-elementor-type=\"wp-page\" data-elementor-id=\"17994\" class=\"elementor elementor-17994 elementor-17010\" data-elementor-post-type=\"page\">\n\t\t\t\t<div class=\"elementor-element elementor-element-645cc71 e-flex e-con-boxed e-con e-parent\" data-id=\"645cc71\" data-element_type=\"container\" data-settings=\"{&quot;background_background&quot;:&quot;classic&quot;}\">\n\t\t\t\t\t<div class=\"e-con-inner\">\n\t\t<div class=\"elementor-element elementor-element-3e44d0a e-con-full e-flex e-con e-child\" data-id=\"3e44d0a\" data-element_type=\"container\">\n\t\t<div class=\"elementor-element elementor-element-96ff761 e-flex e-con-boxed e-con e-child\" data-id=\"96ff761\" data-element_type=\"container\">\n\t\t\t\t\t<div class=\"e-con-inner\">\n\t\t\t\t<div class=\"elementor-element elementor-element-813c65d elementor-invisible elementor-widget elementor-widget-heading\" data-id=\"813c65d\" data-element_type=\"widget\" data-settings=\"{&quot;_animation&quot;:&quot;fadeIn&quot;}\" data-widget_type=\"heading.default\">\n\t\t\t\t<div class=\"elementor-widget-container\">\n\t\t\t\t\t<h2 class=\"elementor-heading-title elementor-size-default\"><cite>Yandan Giri\u015fli<\/cite> IML Robotu\n<\/h2>\t\t\t\t<\/div>\n\t\t\t\t<\/div>\n\t\t\t\t<div class=\"elementor-element elementor-element-fb1e139 txt-gradient elementor-invisible elementor-widget elementor-widget-heading\" data-id=\"fb1e139\" data-element_type=\"widget\" data-settings=\"{&quot;_animation&quot;:&quot;fadeIn&quot;}\" data-widget_type=\"heading.default\">\n\t\t\t\t<div class=\"elementor-widget-container\">\n\t\t\t\t\t<p class=\"elementor-heading-title elementor-size-default\">Verimli \u00dcretim \u0130\u00e7in Y\u00fcksek Performansl\u0131 Otomasyon\n\n<\/p>\t\t\t\t<\/div>\n\t\t\t\t<\/div>\n\t\t\t\t\t<\/div>\n\t\t\t\t<\/div>\n\t\t\t\t<div class=\"elementor-element elementor-element-ad5e89e elementor-invisible elementor-widget elementor-widget-ct_text_editor\" data-id=\"ad5e89e\" data-element_type=\"widget\" data-settings=\"{&quot;_animation&quot;:&quot;fadeIn&quot;}\" data-widget_type=\"ct_text_editor.default\">\n\t\t\t\t<div class=\"elementor-widget-container\">\n\t\t\t\t\t<div id=\"ct_text_editor-ad5e89e\" class=\"ct-text-editor \" data-wow-delay=\" ms\">\n\t<div class=\"ct-inline-css\"  data-css=\"\n        \t\t\">\n\n    <\/div>\n\t<div class=\"ct-text-editor-inner elementor-clearfix\">\n\t\t<span style=\"font-weight: 400\">MARKROBOTIC olarak, <strong><span style=\"color: #ff6600\">IML robotlar\u0131m\u0131z<\/span><\/strong> hassasiyet, h\u0131z ve esneklik sunarak her \u00f6l\u00e7ekten \u00fcretim serileri i\u00e7in m\u00fckemmel bir \u00e7\u00f6z\u00fcm sunar. H\u0131zl\u0131 pazara sunum s\u00fcresi ve maliyet etkin performans i\u00e7in tasarlanan robotlar\u0131m\u0131z, ister 1 ister 8&#8217;den fazla g\u00f6zl\u00fc kal\u0131plar olsun, kap ve kapak \u00fcretimini kolayca ger\u00e7ekle\u015ftirebilir.<\/span>\n\n\t\t\n\t<\/div>\n<\/div>\t\t\t\t<\/div>\n\t\t\t\t<\/div>\n\t\t\t\t<\/div>\n\t\t<div class=\"elementor-element elementor-element-e280571 e-con-full e-flex e-con e-child\" data-id=\"e280571\" data-element_type=\"container\">\n\t\t\t\t<div class=\"elementor-element elementor-element-19e614c elementor-invisible elementor-widget elementor-widget-image\" data-id=\"19e614c\" data-element_type=\"widget\" data-settings=\"{&quot;_animation&quot;:&quot;fadeIn&quot;}\" data-widget_type=\"image.default\">\n\t\t\t\t<div class=\"elementor-widget-container\">\n\t\t\t\t\t\t\t\t\t\t\t\t\t\t\t<img fetchpriority=\"high\" decoding=\"async\" width=\"640\" height=\"296\" src=\"https:\/\/markrobotic.com\/wp-content\/uploads\/2025\/06\/WhatsApp-Image-2025-06-01-at-10.22.19-AM-1024x473.jpeg\" class=\"attachment-large size-large wp-image-19718\" alt=\"\" srcset=\"https:\/\/markrobotic.com\/wp-content\/uploads\/2025\/06\/WhatsApp-Image-2025-06-01-at-10.22.19-AM-1024x473.jpeg 1024w, https:\/\/markrobotic.com\/wp-content\/uploads\/2025\/06\/WhatsApp-Image-2025-06-01-at-10.22.19-AM-300x139.jpeg 300w, https:\/\/markrobotic.com\/wp-content\/uploads\/2025\/06\/WhatsApp-Image-2025-06-01-at-10.22.19-AM-768x355.jpeg 768w, https:\/\/markrobotic.com\/wp-content\/uploads\/2025\/06\/WhatsApp-Image-2025-06-01-at-10.22.19-AM-1536x710.jpeg 1536w, https:\/\/markrobotic.com\/wp-content\/uploads\/2025\/06\/WhatsApp-Image-2025-06-01-at-10.22.19-AM.jpeg 2000w\" sizes=\"(max-width: 640px) 100vw, 640px\" \/>\t\t\t\t\t\t\t\t\t\t\t\t\t\t\t<\/div>\n\t\t\t\t<\/div>\n\t\t\t\t<\/div>\n\t\t\t\t\t<\/div>\n\t\t\t\t<\/div>\n\t\t<div class=\"elementor-element elementor-element-15bec43 e-flex e-con-boxed e-con e-parent\" data-id=\"15bec43\" data-element_type=\"container\" data-settings=\"{&quot;background_background&quot;:&quot;classic&quot;}\">\n\t\t\t\t\t<div class=\"e-con-inner\">\n\t\t<div class=\"elementor-element elementor-element-671156b e-con-full e-flex e-con e-child\" data-id=\"671156b\" data-element_type=\"container\">\n\t\t\t\t<div class=\"elementor-element elementor-element-85b7bc4 elementor-invisible elementor-widget elementor-widget-image\" data-id=\"85b7bc4\" data-element_type=\"widget\" data-settings=\"{&quot;_animation&quot;:&quot;fadeIn&quot;}\" data-widget_type=\"image.default\">\n\t\t\t\t<div class=\"elementor-widget-container\">\n\t\t\t\t\t\t\t\t\t\t\t\t\t\t\t<img decoding=\"async\" width=\"640\" height=\"296\" src=\"https:\/\/markrobotic.com\/wp-content\/uploads\/2025\/06\/WhatsApp-Image-2025-06-01-at-10.17.53-AM-1024x473.jpeg\" class=\"attachment-large size-large wp-image-19709\" alt=\"\" srcset=\"https:\/\/markrobotic.com\/wp-content\/uploads\/2025\/06\/WhatsApp-Image-2025-06-01-at-10.17.53-AM-1024x473.jpeg 1024w, https:\/\/markrobotic.com\/wp-content\/uploads\/2025\/06\/WhatsApp-Image-2025-06-01-at-10.17.53-AM-300x139.jpeg 300w, https:\/\/markrobotic.com\/wp-content\/uploads\/2025\/06\/WhatsApp-Image-2025-06-01-at-10.17.53-AM-768x355.jpeg 768w, https:\/\/markrobotic.com\/wp-content\/uploads\/2025\/06\/WhatsApp-Image-2025-06-01-at-10.17.53-AM-1536x710.jpeg 1536w, https:\/\/markrobotic.com\/wp-content\/uploads\/2025\/06\/WhatsApp-Image-2025-06-01-at-10.17.53-AM.jpeg 2000w\" sizes=\"(max-width: 640px) 100vw, 640px\" \/>\t\t\t\t\t\t\t\t\t\t\t\t\t\t\t<\/div>\n\t\t\t\t<\/div>\n\t\t\t\t<\/div>\n\t\t<div class=\"elementor-element elementor-element-bf4ee47 e-con-full e-flex e-con e-child\" data-id=\"bf4ee47\" data-element_type=\"container\">\n\t\t<div class=\"elementor-element elementor-element-566cd3f e-flex e-con-boxed e-con e-child\" data-id=\"566cd3f\" data-element_type=\"container\">\n\t\t\t\t\t<div class=\"e-con-inner\">\n\t\t\t\t<div class=\"elementor-element elementor-element-1ac8dde elementor-invisible elementor-widget elementor-widget-heading\" data-id=\"1ac8dde\" data-element_type=\"widget\" data-settings=\"{&quot;_animation&quot;:&quot;fadeIn&quot;}\" data-widget_type=\"heading.default\">\n\t\t\t\t<div class=\"elementor-widget-container\">\n\t\t\t\t\t<h2 class=\"elementor-heading-title elementor-size-default\">Temel Avantajlar:\n\n<\/h2>\t\t\t\t<\/div>\n\t\t\t\t<\/div>\n\t\t\t\t\t<\/div>\n\t\t\t\t<\/div>\n\t\t\t\t<div class=\"elementor-element elementor-element-c3abda4 elementor-invisible elementor-widget elementor-widget-ct_text_editor\" data-id=\"c3abda4\" data-element_type=\"widget\" data-settings=\"{&quot;_animation&quot;:&quot;fadeIn&quot;}\" data-widget_type=\"ct_text_editor.default\">\n\t\t\t\t<div class=\"elementor-widget-container\">\n\t\t\t\t\t<div id=\"ct_text_editor-c3abda4\" class=\"ct-text-editor \" data-wow-delay=\" ms\">\n\t<div class=\"ct-inline-css\"  data-css=\"\n        \t\t\">\n\n    <\/div>\n\t<div class=\"ct-text-editor-inner elementor-clearfix\">\n\t\t<div class=\"section\"> <ul> <li><strong>G\u00fcvenilir Performans:<\/strong> IML ve alma (take-out) uygulamalar\u0131nda y\u00fcksek kaliteli sonu\u00e7lar sa\u011flayan h\u0131zl\u0131 ve tutarl\u0131 \u00e7al\u0131\u015fma.<\/li> <li><strong>Esnek Entegrasyon:<\/strong> \u00c7e\u015fitli \u00fcretim ihtiya\u00e7lar\u0131na sorunsuz uyum sa\u011flar ve geni\u015f \u00fcr\u00fcn yelpazesi i\u00e7in uygundur.<\/li> <li><strong>H\u0131zl\u0131 Kurulum:<\/strong> Kurulum s\u00fcresini en aza indirir, duru\u015f s\u00fcrelerini azalt\u0131r ve maliyet etkin bir \u00e7\u00f6z\u00fcm sunar.<\/li> <\/ul> <\/div> <div class=\"section\"><\/div> <div class=\"section\"><\/div>\t\t\n\t<\/div>\n<\/div>\t\t\t\t<\/div>\n\t\t\t\t<\/div>\n\t\t\t\t<\/div>\n\t\t\t\t\t<\/div>\n\t\t\t\t<\/div>\n\t\t<div class=\"elementor-element elementor-element-6c052ad e-flex e-con-boxed e-con e-parent\" data-id=\"6c052ad\" data-element_type=\"container\" data-settings=\"{&quot;background_background&quot;:&quot;classic&quot;}\">\n\t\t\t\t\t<div class=\"e-con-inner\">\n\t\t<div class=\"elementor-element elementor-element-c8a915f e-con-full e-flex e-con e-child\" data-id=\"c8a915f\" data-element_type=\"container\">\n\t\t\t\t<div class=\"elementor-element elementor-element-f9c400b elementor-invisible elementor-widget elementor-widget-image\" data-id=\"f9c400b\" data-element_type=\"widget\" data-settings=\"{&quot;_animation&quot;:&quot;fadeIn&quot;}\" data-widget_type=\"image.default\">\n\t\t\t\t<div class=\"elementor-widget-container\">\n\t\t\t\t\t\t\t\t\t\t\t\t\t\t\t<img decoding=\"async\" width=\"473\" height=\"1024\" src=\"https:\/\/markrobotic.com\/wp-content\/uploads\/2025\/06\/WhatsApp-Image-2025-06-01-at-10.52.44-AM-473x1024.jpeg\" class=\"attachment-large size-large wp-image-19724\" alt=\"\" srcset=\"https:\/\/markrobotic.com\/wp-content\/uploads\/2025\/06\/WhatsApp-Image-2025-06-01-at-10.52.44-AM-473x1024.jpeg 473w, https:\/\/markrobotic.com\/wp-content\/uploads\/2025\/06\/WhatsApp-Image-2025-06-01-at-10.52.44-AM-139x300.jpeg 139w, https:\/\/markrobotic.com\/wp-content\/uploads\/2025\/06\/WhatsApp-Image-2025-06-01-at-10.52.44-AM-768x1662.jpeg 768w, https:\/\/markrobotic.com\/wp-content\/uploads\/2025\/06\/WhatsApp-Image-2025-06-01-at-10.52.44-AM-710x1536.jpeg 710w, https:\/\/markrobotic.com\/wp-content\/uploads\/2025\/06\/WhatsApp-Image-2025-06-01-at-10.52.44-AM.jpeg 924w\" sizes=\"(max-width: 473px) 100vw, 473px\" \/>\t\t\t\t\t\t\t\t\t\t\t\t\t\t\t<\/div>\n\t\t\t\t<\/div>\n\t\t\t\t<\/div>\n\t\t<div class=\"elementor-element elementor-element-aeccfb3 e-con-full e-flex e-con e-child\" data-id=\"aeccfb3\" data-element_type=\"container\">\n\t\t<div class=\"elementor-element elementor-element-3a72ded e-flex e-con-boxed e-con e-child\" data-id=\"3a72ded\" data-element_type=\"container\">\n\t\t\t\t\t<div class=\"e-con-inner\">\n\t\t\t\t<div class=\"elementor-element elementor-element-2382616 elementor-invisible elementor-widget elementor-widget-heading\" data-id=\"2382616\" data-element_type=\"widget\" data-settings=\"{&quot;_animation&quot;:&quot;fadeIn&quot;}\" data-widget_type=\"heading.default\">\n\t\t\t\t<div class=\"elementor-widget-container\">\n\t\t\t\t\t<h2 class=\"elementor-heading-title elementor-size-default\">Tam \u00dcretim Hatt\u0131 \u00c7\u00f6z\u00fcmleri\n\n<\/h2>\t\t\t\t<\/div>\n\t\t\t\t<\/div>\n\t\t\t\t\t<\/div>\n\t\t\t\t<\/div>\n\t\t\t\t<div class=\"elementor-element elementor-element-3ec6ae4 elementor-invisible elementor-widget elementor-widget-ct_text_editor\" data-id=\"3ec6ae4\" data-element_type=\"widget\" data-settings=\"{&quot;_animation&quot;:&quot;fadeIn&quot;}\" data-widget_type=\"ct_text_editor.default\">\n\t\t\t\t<div class=\"elementor-widget-container\">\n\t\t\t\t\t<div id=\"ct_text_editor-3ec6ae4\" class=\"ct-text-editor \" data-wow-delay=\" ms\">\n\t<div class=\"ct-inline-css\"  data-css=\"\n        \t\t\">\n\n    <\/div>\n\t<div class=\"ct-text-editor-inner elementor-clearfix\">\n\t\tMARKROBOTIC, a\u015fa\u011f\u0131dakiler de d\u00e2hil olmak \u00fczere entegre \u00e7\u00f6z\u00fcmlerle birlikte eksiksiz \u00fcretim hatlar\u0131 sunar:\n\n<ul> <li>Kalite kontrol i\u00e7in G\u00f6rsel Denetim (Vision Inspection)<\/li> <li>Verimli ta\u015f\u0131ma i\u00e7in Pick-and-Place \u0130stifleme<\/li> <li>Ambalajlamay\u0131 otomatikle\u015ftirmek i\u00e7in Koli Paketleme (Case Packing)<\/li> <\/ul>\t\t\n\t<\/div>\n<\/div>\t\t\t\t<\/div>\n\t\t\t\t<\/div>\n\t\t\t\t<\/div>\n\t\t\t\t\t<\/div>\n\t\t\t\t<\/div>\n\t\t<div class=\"elementor-element elementor-element-57e6371 e-flex e-con-boxed e-con e-parent\" data-id=\"57e6371\" data-element_type=\"container\" data-settings=\"{&quot;background_background&quot;:&quot;classic&quot;}\">\n\t\t\t\t\t<div class=\"e-con-inner\">\n\t\t<div class=\"elementor-element elementor-element-9acde77 e-con-full e-flex e-con e-child\" data-id=\"9acde77\" data-element_type=\"container\">\n\t\t\t\t<div class=\"elementor-element elementor-element-e01dd05 elementor-invisible elementor-widget elementor-widget-image\" data-id=\"e01dd05\" data-element_type=\"widget\" data-settings=\"{&quot;_animation&quot;:&quot;fadeIn&quot;}\" data-widget_type=\"image.default\">\n\t\t\t\t<div class=\"elementor-widget-container\">\n\t\t\t\t\t\t\t\t\t\t\t\t\t\t\t<img loading=\"lazy\" decoding=\"async\" width=\"473\" height=\"1024\" src=\"https:\/\/markrobotic.com\/wp-content\/uploads\/2025\/06\/WhatsApp-Image-2025-06-01-at-10.53.17-AM-473x1024.jpeg\" class=\"attachment-large size-large wp-image-19730\" alt=\"\" srcset=\"https:\/\/markrobotic.com\/wp-content\/uploads\/2025\/06\/WhatsApp-Image-2025-06-01-at-10.53.17-AM-473x1024.jpeg 473w, https:\/\/markrobotic.com\/wp-content\/uploads\/2025\/06\/WhatsApp-Image-2025-06-01-at-10.53.17-AM-139x300.jpeg 139w, https:\/\/markrobotic.com\/wp-content\/uploads\/2025\/06\/WhatsApp-Image-2025-06-01-at-10.53.17-AM-768x1662.jpeg 768w, https:\/\/markrobotic.com\/wp-content\/uploads\/2025\/06\/WhatsApp-Image-2025-06-01-at-10.53.17-AM-710x1536.jpeg 710w, https:\/\/markrobotic.com\/wp-content\/uploads\/2025\/06\/WhatsApp-Image-2025-06-01-at-10.53.17-AM.jpeg 924w\" sizes=\"(max-width: 473px) 100vw, 473px\" \/>\t\t\t\t\t\t\t\t\t\t\t\t\t\t\t<\/div>\n\t\t\t\t<\/div>\n\t\t\t\t<\/div>\n\t\t<div class=\"elementor-element elementor-element-70f2801 e-con-full e-flex e-con e-child\" data-id=\"70f2801\" data-element_type=\"container\">\n\t\t<div class=\"elementor-element elementor-element-40946da e-flex e-con-boxed e-con e-child\" data-id=\"40946da\" data-element_type=\"container\">\n\t\t\t\t\t<div class=\"e-con-inner\">\n\t\t\t\t<div class=\"elementor-element elementor-element-2dab623 elementor-invisible elementor-widget elementor-widget-heading\" data-id=\"2dab623\" data-element_type=\"widget\" data-settings=\"{&quot;_animation&quot;:&quot;fadeIn&quot;}\" data-widget_type=\"heading.default\">\n\t\t\t\t<div class=\"elementor-widget-container\">\n\t\t\t\t\t<h2 class=\"elementor-heading-title elementor-size-default\">\u00dcretim Taleplerine Uyum Sa\u011flama\n\n<\/h2>\t\t\t\t<\/div>\n\t\t\t\t<\/div>\n\t\t\t\t\t<\/div>\n\t\t\t\t<\/div>\n\t\t\t\t<div class=\"elementor-element elementor-element-2eb4748 elementor-invisible elementor-widget elementor-widget-ct_text_editor\" data-id=\"2eb4748\" data-element_type=\"widget\" data-settings=\"{&quot;_animation&quot;:&quot;fadeIn&quot;}\" data-widget_type=\"ct_text_editor.default\">\n\t\t\t\t<div class=\"elementor-widget-container\">\n\t\t\t\t\t<div id=\"ct_text_editor-2eb4748\" class=\"ct-text-editor \" data-wow-delay=\" ms\">\n\t<div class=\"ct-inline-css\"  data-css=\"\n        \t\t\">\n\n    <\/div>\n\t<div class=\"ct-text-editor-inner elementor-clearfix\">\n\t\t<p data-start=\"111\" data-end=\"336\">MarkRobotic olarak, IML robotlar\u0131m\u0131z d\u00fc\u015f\u00fckten y\u00fckse\u011fe kadar farkl\u0131 g\u00f6z (kavitasyon) say\u0131lar\u0131na sahip kal\u0131plar ya da karma\u015f\u0131k \u00fcr\u00fcn \u015fekilleriyle \u00e7al\u0131\u015fsan\u0131z bile \u00e7e\u015fitli \u00fcretim taleplerine uyum sa\u011flayacak \u015fekilde tasarlanm\u0131\u015ft\u0131r.<\/p>\t\t\n\t<\/div>\n<\/div>\t\t\t\t<\/div>\n\t\t\t\t<\/div>\n\t\t\t\t<\/div>\n\t\t\t\t\t<\/div>\n\t\t\t\t<\/div>\n\t\t        <section class=\"elementor-section elementor-top-section elementor-element elementor-element-1e76b7c9 elementor-section-full_width elementor-section-stretched elementor-section-height-default elementor-section-height-default ct-header-fixed-none ct-column-none ct-row-scroll-none ct-row-gradient--none ct-row-container--default\" data-id=\"1e76b7c9\" data-element_type=\"section\" id=\"IML\" data-settings=\"{&quot;stretch_section&quot;:&quot;section-stretched&quot;,&quot;background_background&quot;:&quot;classic&quot;}\">\n            \n                        <div class=\"elementor-container elementor-column-gap-no \">\n                    <div class=\"elementor-column elementor-col-100 elementor-top-column elementor-element elementor-element-4f95e76f ct-column-none col-offset-none\" data-id=\"4f95e76f\" data-element_type=\"column\">\n        <div class=\"elementor-widget-wrap elementor-element-populated\">\n                    \n        <div class=\"elementor-element elementor-element-a9dacbe e-con-full e-flex e-con e-parent\" data-id=\"a9dacbe\" data-element_type=\"container\" data-settings=\"{&quot;background_background&quot;:&quot;classic&quot;}\">\n\t\t<div class=\"elementor-element elementor-element-f28e5e7 e-con-full e-flex e-con e-child\" data-id=\"f28e5e7\" data-element_type=\"container\">\n\t\t\t\t<div class=\"elementor-element elementor-element-a65507f txt-gradient elementor-widget elementor-widget-heading\" data-id=\"a65507f\" data-element_type=\"widget\" data-widget_type=\"heading.default\">\n\t\t\t\t<div class=\"elementor-widget-container\">\n\t\t\t\t\t<h2 class=\"elementor-heading-title elementor-size-default\">\nHizmet talep etmek ve ileti\u015fime ge\u00e7mek i\u00e7in.\n<\/h2>\t\t\t\t<\/div>\n\t\t\t\t<\/div>\n\t\t\t\t<div class=\"elementor-element elementor-element-1d28b89 elementor-align-center animated-fast elementor-invisible elementor-widget elementor-widget-button\" data-id=\"1d28b89\" data-element_type=\"widget\" data-settings=\"{&quot;_animation&quot;:&quot;pulse&quot;}\" data-widget_type=\"button.default\">\n\t\t\t\t<div class=\"elementor-widget-container\">\n\t\t\t\t\t\t\t\t\t<div class=\"elementor-button-wrapper\">\n\t\t\t\t\t<a class=\"elementor-button elementor-button-link elementor-size-lg\" href=\"https:\/\/markrobotic.com\/tr\/contact-us\/\">\n\t\t\t\t\t\t<span class=\"elementor-button-content-wrapper\">\n\t\t\t\t\t\t\t\t\t<span class=\"elementor-button-text\">Hizmet Talebi<\/span>\n\t\t\t\t\t<\/span>\n\t\t\t\t\t<\/a>\n\t\t\t\t<\/div>\n\t\t\t\t\t\t\t\t<\/div>\n\t\t\t\t<\/div>\n\t\t\t\t<\/div>\n\t\t\t\t<\/div>\n\t\t            <\/div>\n        <\/div>\n                    <\/div>\n        <\/section>\n        \t\t<\/div>\n\t\t","protected":false},"excerpt":{"rendered":"<p>Yandan Giri\u015fli IML Robotu Verimli \u00dcretim \u0130\u00e7in Y\u00fcksek Performansl\u0131 Otomasyon MARKROBOTIC olarak, IML robotlar\u0131m\u0131z hassasiyet, h\u0131z ve esneklik sunarak her \u00f6l\u00e7ekten \u00fcretim serileri i\u00e7in m\u00fckemmel bir \u00e7\u00f6z\u00fcm sunar. H\u0131zl\u0131 pazara sunum s\u00fcresi ve maliyet etkin performans i\u00e7in tasarlanan robotlar\u0131m\u0131z, ister 1 ister 8&#8217;den fazla g\u00f6zl\u00fc kal\u0131plar olsun, kap ve kapak \u00fcretimini kolayca ger\u00e7ekle\u015ftirebilir. Temel Avantajlar: [&hellip;]<\/p>\n","protected":false},"author":2,"featured_media":0,"parent":17992,"menu_order":0,"comment_status":"closed","ping_status":"closed","template":"","meta":{"footnotes":""},"class_list":["post-17994","page","type-page","status-publish","hentry"],"_links":{"self":[{"href":"https:\/\/markrobotic.com\/tr\/wp-json\/wp\/v2\/pages\/17994","targetHints":{"allow":["GET"]}}],"collection":[{"href":"https:\/\/markrobotic.com\/tr\/wp-json\/wp\/v2\/pages"}],"about":[{"href":"https:\/\/markrobotic.com\/tr\/wp-json\/wp\/v2\/types\/page"}],"author":[{"embeddable":true,"href":"https:\/\/markrobotic.com\/tr\/wp-json\/wp\/v2\/users\/2"}],"replies":[{"embeddable":true,"href":"https:\/\/markrobotic.com\/tr\/wp-json\/wp\/v2\/comments?post=17994"}],"version-history":[{"count":12,"href":"https:\/\/markrobotic.com\/tr\/wp-json\/wp\/v2\/pages\/17994\/revisions"}],"predecessor-version":[{"id":20339,"href":"https:\/\/markrobotic.com\/tr\/wp-json\/wp\/v2\/pages\/17994\/revisions\/20339"}],"up":[{"embeddable":true,"href":"https:\/\/markrobotic.com\/tr\/wp-json\/wp\/v2\/pages\/17992"}],"wp:attachment":[{"href":"https:\/\/markrobotic.com\/tr\/wp-json\/wp\/v2\/media?parent=17994"}],"curies":[{"name":"wp","href":"https:\/\/api.w.org\/{rel}","templated":true}]}}