{"id":20301,"date":"2024-02-27T21:41:23","date_gmt":"2024-02-27T21:41:23","guid":{"rendered":"https:\/\/markrobotic.com\/6axis-industrial-robot\/"},"modified":"2025-06-27T14:07:26","modified_gmt":"2025-06-27T14:07:26","slug":"6axis-industrial-robot","status":"publish","type":"page","link":"https:\/\/markrobotic.com\/tr\/6axis-industrial-robot\/","title":{"rendered":"6 EKSENL\u0130 END\u00dcSTR\u0130YEL ROBOT"},"content":{"rendered":"\t\t<div data-elementor-type=\"wp-page\" data-elementor-id=\"20301\" class=\"elementor elementor-20301 elementor-18822\" data-elementor-post-type=\"page\">\n\t\t\t\t<div class=\"elementor-element elementor-element-84ddb10 e-con-full e-flex e-con e-child\" data-id=\"84ddb10\" data-element_type=\"container\">\n\t\t<div class=\"elementor-element elementor-element-c4ceb07 e-con-full e-flex e-con e-child\" data-id=\"c4ceb07\" data-element_type=\"container\">\n\t\t<div class=\"elementor-element elementor-element-c6aae70 e-con-full e-flex e-con e-child\" data-id=\"c6aae70\" data-element_type=\"container\">\n\t\t\t\t<div class=\"elementor-element elementor-element-e9aa47d elementor-invisible elementor-widget elementor-widget-heading\" data-id=\"e9aa47d\" data-element_type=\"widget\" data-settings=\"{&quot;_animation&quot;:&quot;fadeIn&quot;}\" data-widget_type=\"heading.default\">\n\t\t\t\t<div class=\"elementor-widget-container\">\n\t\t\t\t\t<h2 class=\"elementor-heading-title elementor-size-default\">6 Axis Robot Integration<\/h2>\t\t\t\t<\/div>\n\t\t\t\t<\/div>\n\t\t\t\t<div class=\"elementor-element elementor-element-0be2b04 elementor-invisible elementor-widget elementor-widget-ct_text_editor\" data-id=\"0be2b04\" data-element_type=\"widget\" data-settings=\"{&quot;_animation&quot;:&quot;fadeIn&quot;}\" data-widget_type=\"ct_text_editor.default\">\n\t\t\t\t<div class=\"elementor-widget-container\">\n\t\t\t\t\t<div id=\"ct_text_editor-0be2b04\" class=\"ct-text-editor \" data-wow-delay=\" ms\">\n\t<div class=\"ct-inline-css\"  data-css=\"\n        \t\t\">\n\n    <\/div>\n\t<div class=\"ct-text-editor-inner elementor-clearfix\">\n\t\t<p data-start=\"49\" data-end=\"237\">Otomasyon teknolojisinde lider olarak, operasyonlar\u0131n\u0131z\u0131 d\u00f6n\u00fc\u015ft\u00fcrmek \u00fczere tasarlanm\u0131\u015f son teknoloji 6 eksenli robot \u00e7\u00f6z\u00fcmleri sunmaktan gurur duyuyoruz.<\/p>\n\t\t\n\t<\/div>\n<\/div>\t\t\t\t<\/div>\n\t\t\t\t<\/div>\n\t\t\t\t<div class=\"elementor-element elementor-element-e46d280 elementor-invisible elementor-widget elementor-widget-ct_text_editor\" data-id=\"e46d280\" data-element_type=\"widget\" data-settings=\"{&quot;_animation&quot;:&quot;fadeIn&quot;}\" data-widget_type=\"ct_text_editor.default\">\n\t\t\t\t<div class=\"elementor-widget-container\">\n\t\t\t\t\t<div id=\"ct_text_editor-e46d280\" class=\"ct-text-editor \" data-wow-delay=\" ms\">\n\t<div class=\"ct-inline-css\"  data-css=\"\n        \t\t\">\n\n    <\/div>\n\t<div class=\"ct-text-editor-inner elementor-clearfix\">\n\t\t<ul><li><strong data-start=\"239\" data-end=\"256\">\u00c7ok Y\u00f6nl\u00fcl\u00fck:<\/strong> Alt\u0131 serbestlik derecesi sayesinde robotlar\u0131m\u0131z kaynak ve montajdan malzeme ta\u015f\u0131ma gibi bir\u00e7ok g\u00f6revi ba\u015far\u0131yla yerine getirebilir.<\/li><li><strong data-start=\"391\" data-end=\"406\">Hassasiyet:<\/strong> Geli\u015fmi\u015f sens\u00f6rler ve kontrol sistemleri ile donat\u0131lan robotlar\u0131m\u0131z, her seferinde y\u00fcksek kaliteli \u00e7\u0131kt\u0131 sa\u011flayan hassas ve tutarl\u0131 sonu\u00e7lar sunar.<\/li><li><strong data-start=\"557\" data-end=\"572\">Verimlilik:<\/strong> Tekrarlayan g\u00f6revleri otomatikle\u015ftirerek \u00fcretim s\u00fcre\u00e7lerini kolayla\u015ft\u0131r\u0131r, \u00e7evrim s\u00fcrelerini azalt\u0131r ve genel verimlili\u011fi art\u0131r\u0131r.<\/li><\/ul>\t\t\n\t<\/div>\n<\/div>\t\t\t\t<\/div>\n\t\t\t\t<\/div>\n\t\t\t\t<\/div>\n\t\t<div class=\"elementor-element elementor-element-105b0df e-con-full e-flex elementor-invisible e-con e-child\" data-id=\"105b0df\" data-element_type=\"container\" data-settings=\"{&quot;animation&quot;:&quot;fadeIn&quot;}\">\n\t\t\t\t<div class=\"elementor-element elementor-element-3ee5c99 elementor-widget elementor-widget-image\" data-id=\"3ee5c99\" data-element_type=\"widget\" data-widget_type=\"image.default\">\n\t\t\t\t<div class=\"elementor-widget-container\">\n\t\t\t\t\t\t\t\t\t\t\t\t\t\t\t<img fetchpriority=\"high\" decoding=\"async\" width=\"640\" height=\"843\" src=\"https:\/\/markrobotic.com\/wp-content\/uploads\/2025\/06\/BR-07S-930-777x1024.png\" class=\"attachment-large size-large wp-image-20003\" alt=\"\" srcset=\"https:\/\/markrobotic.com\/wp-content\/uploads\/2025\/06\/BR-07S-930-777x1024.png 777w, https:\/\/markrobotic.com\/wp-content\/uploads\/2025\/06\/BR-07S-930-228x300.png 228w, https:\/\/markrobotic.com\/wp-content\/uploads\/2025\/06\/BR-07S-930-768x1012.png 768w, https:\/\/markrobotic.com\/wp-content\/uploads\/2025\/06\/BR-07S-930-1166x1536.png 1166w, https:\/\/markrobotic.com\/wp-content\/uploads\/2025\/06\/BR-07S-930.png 1315w\" sizes=\"(max-width: 640px) 100vw, 640px\" \/>\t\t\t\t\t\t\t\t\t\t\t\t\t\t\t<\/div>\n\t\t\t\t<\/div>\n\t\t\t\t<\/div>\n\t\t\t\t<\/div>\n\t\t<div class=\"elementor-element elementor-element-6f90108 e-con-full e-flex e-con e-child\" data-id=\"6f90108\" data-element_type=\"container\" data-settings=\"{&quot;background_background&quot;:&quot;classic&quot;}\">\n\t\t<div class=\"elementor-element elementor-element-be120bd e-con-full e-flex e-con e-child\" data-id=\"be120bd\" data-element_type=\"container\">\n\t\t\t\t<div class=\"elementor-element elementor-element-18c9279 elementor-widget elementor-widget-image\" data-id=\"18c9279\" data-element_type=\"widget\" data-widget_type=\"image.default\">\n\t\t\t\t<div class=\"elementor-widget-container\">\n\t\t\t\t\t\t\t\t\t\t\t\t\t\t\t<img decoding=\"async\" width=\"640\" height=\"857\" src=\"https:\/\/markrobotic.com\/wp-content\/uploads\/2025\/06\/BR-08-1840-765x1024.png\" class=\"attachment-large size-large wp-image-20006\" alt=\"\" srcset=\"https:\/\/markrobotic.com\/wp-content\/uploads\/2025\/06\/BR-08-1840-765x1024.png 765w, https:\/\/markrobotic.com\/wp-content\/uploads\/2025\/06\/BR-08-1840-224x300.png 224w, https:\/\/markrobotic.com\/wp-content\/uploads\/2025\/06\/BR-08-1840-768x1029.png 768w, https:\/\/markrobotic.com\/wp-content\/uploads\/2025\/06\/BR-08-1840-1147x1536.png 1147w, https:\/\/markrobotic.com\/wp-content\/uploads\/2025\/06\/BR-08-1840-1529x2048.png 1529w, https:\/\/markrobotic.com\/wp-content\/uploads\/2025\/06\/BR-08-1840-scaled.png 1912w\" sizes=\"(max-width: 640px) 100vw, 640px\" \/>\t\t\t\t\t\t\t\t\t\t\t\t\t\t\t<\/div>\n\t\t\t\t<\/div>\n\t\t\t\t<\/div>\n\t\t<div class=\"elementor-element elementor-element-92c0bc6 e-con-full e-flex e-con e-child\" data-id=\"92c0bc6\" data-element_type=\"container\">\n\t\t\t\t<div class=\"elementor-element elementor-element-c995688 elementor-invisible elementor-widget elementor-widget-heading\" data-id=\"c995688\" data-element_type=\"widget\" data-settings=\"{&quot;_animation&quot;:&quot;fadeIn&quot;}\" data-widget_type=\"heading.default\">\n\t\t\t\t<div class=\"elementor-widget-container\">\n\t\t\t\t\t<h2 class=\"elementor-heading-title elementor-size-default\">Uygulamalar:<\/h2>\t\t\t\t<\/div>\n\t\t\t\t<\/div>\n\t\t\t\t<div class=\"elementor-element elementor-element-4fabbc1 elementor-align-left elementor-icon-list--layout-traditional elementor-list-item-link-full_width elementor-widget elementor-widget-icon-list\" data-id=\"4fabbc1\" data-element_type=\"widget\" data-widget_type=\"icon-list.default\">\n\t\t\t\t<div class=\"elementor-widget-container\">\n\t\t\t\t\t\t\t<ul class=\"elementor-icon-list-items\">\n\t\t\t\t\t\t\t<li class=\"elementor-icon-list-item\">\n\t\t\t\t\t\t\t\t\t\t\t<span class=\"elementor-icon-list-icon\">\n\t\t\t\t\t\t\t<i aria-hidden=\"true\" class=\"fas fa-cog\"><\/i>\t\t\t\t\t\t<\/span>\n\t\t\t\t\t\t\t\t\t\t<span class=\"elementor-icon-list-text\">Montaj ve kalite kontrol<\/span>\n\t\t\t\t\t\t\t\t\t<\/li>\n\t\t\t\t\t\t\t\t<li class=\"elementor-icon-list-item\">\n\t\t\t\t\t\t\t\t\t\t\t<span class=\"elementor-icon-list-icon\">\n\t\t\t\t\t\t\t<i aria-hidden=\"true\" class=\"fas fa-cog\"><\/i>\t\t\t\t\t\t<\/span>\n\t\t\t\t\t\t\t\t\t\t<span class=\"elementor-icon-list-text\">Malzeme ta\u015f\u0131ma<\/span>\n\t\t\t\t\t\t\t\t\t<\/li>\n\t\t\t\t\t\t\t\t<li class=\"elementor-icon-list-item\">\n\t\t\t\t\t\t\t\t\t\t\t<span class=\"elementor-icon-list-icon\">\n\t\t\t\t\t\t\t<i aria-hidden=\"true\" class=\"fas fa-cog\"><\/i>\t\t\t\t\t\t<\/span>\n\t\t\t\t\t\t\t\t\t\t<span class=\"elementor-icon-list-text\">Makine besleme<\/span>\n\t\t\t\t\t\t\t\t\t<\/li>\n\t\t\t\t\t\t\t\t<li class=\"elementor-icon-list-item\">\n\t\t\t\t\t\t\t\t\t\t\t<span class=\"elementor-icon-list-icon\">\n\t\t\t\t\t\t\t<i aria-hidden=\"true\" class=\"fas fa-cog\"><\/i>\t\t\t\t\t\t<\/span>\n\t\t\t\t\t\t\t\t\t\t<span class=\"elementor-icon-list-text\">Da\u011f\u0131t\u0131m (dispensing)<\/span>\n\t\t\t\t\t\t\t\t\t<\/li>\n\t\t\t\t\t\t\t\t<li class=\"elementor-icon-list-item\">\n\t\t\t\t\t\t\t\t\t\t\t<span class=\"elementor-icon-list-icon\">\n\t\t\t\t\t\t\t<i aria-hidden=\"true\" class=\"fas fa-cog\"><\/i>\t\t\t\t\t\t<\/span>\n\t\t\t\t\t\t\t\t\t\t<span class=\"elementor-icon-list-text\">Y\u00fczey i\u015fleme ve parlatma<\/span>\n\t\t\t\t\t\t\t\t\t<\/li>\n\t\t\t\t\t\t\t\t<li class=\"elementor-icon-list-item\">\n\t\t\t\t\t\t\t\t\t\t\t<span class=\"elementor-icon-list-icon\">\n\t\t\t\t\t\t\t<i aria-hidden=\"true\" class=\"fas fa-cog\"><\/i>\t\t\t\t\t\t<\/span>\n\t\t\t\t\t\t\t\t\t\t<span class=\"elementor-icon-list-text\">Paletleme<\/span>\n\t\t\t\t\t\t\t\t\t<\/li>\n\t\t\t\t\t\t\t\t<li class=\"elementor-icon-list-item\">\n\t\t\t\t\t\t\t\t\t\t\t<span class=\"elementor-icon-list-icon\">\n\t\t\t\t\t\t\t<i aria-hidden=\"true\" class=\"fas fa-cog\"><\/i>\t\t\t\t\t\t<\/span>\n\t\t\t\t\t\t\t\t\t\t<span class=\"elementor-icon-list-text\">Ta\u015flama<\/span>\n\t\t\t\t\t\t\t\t\t<\/li>\n\t\t\t\t\t\t\t\t<li class=\"elementor-icon-list-item\">\n\t\t\t\t\t\t\t\t\t\t\t<span class=\"elementor-icon-list-icon\">\n\t\t\t\t\t\t\t<i aria-hidden=\"true\" class=\"fas fa-cog\"><\/i>\t\t\t\t\t\t<\/span>\n\t\t\t\t\t\t\t\t\t\t<span class=\"elementor-icon-list-text\">Paketleme<\/span>\n\t\t\t\t\t\t\t\t\t<\/li>\n\t\t\t\t\t\t\t\t<li class=\"elementor-icon-list-item\">\n\t\t\t\t\t\t\t\t\t\t\t<span class=\"elementor-icon-list-icon\">\n\t\t\t\t\t\t\t<i aria-hidden=\"true\" class=\"fas fa-cog\"><\/i>\t\t\t\t\t\t<\/span>\n\t\t\t\t\t\t\t\t\t\t<span class=\"elementor-icon-list-text\">Enjeksiyon kal\u0131plama<\/span>\n\t\t\t\t\t\t\t\t\t<\/li>\n\t\t\t\t\t\t\t\t<li class=\"elementor-icon-list-item\">\n\t\t\t\t\t\t\t\t\t\t\t<span class=\"elementor-icon-list-icon\">\n\t\t\t\t\t\t\t<i aria-hidden=\"true\" class=\"fas fa-cog\"><\/i>\t\t\t\t\t\t<\/span>\n\t\t\t\t\t\t\t\t\t\t<span class=\"elementor-icon-list-text\">Ve \u00e7ok daha fazlas\u0131!<\/span>\n\t\t\t\t\t\t\t\t\t<\/li>\n\t\t\t\t\t\t<\/ul>\n\t\t\t\t\t\t<\/div>\n\t\t\t\t<\/div>\n\t\t\t\t<\/div>\n\t\t\t\t<\/div>\n\t\t\t\t<\/div>\n\t\t\t\t<\/div>\n\t\t","protected":false},"excerpt":{"rendered":"<p>6 Axis Robot Integration Otomasyon teknolojisinde lider olarak, operasyonlar\u0131n\u0131z\u0131 d\u00f6n\u00fc\u015ft\u00fcrmek \u00fczere tasarlanm\u0131\u015f son teknoloji 6 eksenli robot \u00e7\u00f6z\u00fcmleri sunmaktan gurur duyuyoruz. \u00c7ok Y\u00f6nl\u00fcl\u00fck: Alt\u0131 serbestlik derecesi sayesinde robotlar\u0131m\u0131z kaynak ve montajdan malzeme ta\u015f\u0131ma gibi bir\u00e7ok g\u00f6revi ba\u015far\u0131yla yerine getirebilir. Hassasiyet: Geli\u015fmi\u015f sens\u00f6rler ve kontrol sistemleri ile donat\u0131lan robotlar\u0131m\u0131z, her seferinde y\u00fcksek kaliteli \u00e7\u0131kt\u0131 sa\u011flayan hassas [&hellip;]<\/p>\n","protected":false},"author":2,"featured_media":0,"parent":0,"menu_order":0,"comment_status":"closed","ping_status":"closed","template":"","meta":{"footnotes":""},"class_list":["post-20301","page","type-page","status-publish","hentry"],"_links":{"self":[{"href":"https:\/\/markrobotic.com\/tr\/wp-json\/wp\/v2\/pages\/20301","targetHints":{"allow":["GET"]}}],"collection":[{"href":"https:\/\/markrobotic.com\/tr\/wp-json\/wp\/v2\/pages"}],"about":[{"href":"https:\/\/markrobotic.com\/tr\/wp-json\/wp\/v2\/types\/page"}],"author":[{"embeddable":true,"href":"https:\/\/markrobotic.com\/tr\/wp-json\/wp\/v2\/users\/2"}],"replies":[{"embeddable":true,"href":"https:\/\/markrobotic.com\/tr\/wp-json\/wp\/v2\/comments?post=20301"}],"version-history":[{"count":8,"href":"https:\/\/markrobotic.com\/tr\/wp-json\/wp\/v2\/pages\/20301\/revisions"}],"predecessor-version":[{"id":20310,"href":"https:\/\/markrobotic.com\/tr\/wp-json\/wp\/v2\/pages\/20301\/revisions\/20310"}],"wp:attachment":[{"href":"https:\/\/markrobotic.com\/tr\/wp-json\/wp\/v2\/media?parent=20301"}],"curies":[{"name":"wp","href":"https:\/\/api.w.org\/{rel}","templated":true}]}}